{"id":3544,"date":"2024-02-08T15:32:20","date_gmt":"2024-02-08T12:32:20","guid":{"rendered":"https:\/\/www.saca.com.tr\/solutions\/"},"modified":"2024-02-08T15:32:20","modified_gmt":"2024-02-08T12:32:20","slug":"solutions","status":"publish","type":"page","link":"https:\/\/www.saca.com.tr\/en\/solutions\/","title":{"rendered":"Solutions"},"content":{"rendered":"","protected":false},"excerpt":{"rendered":"","protected":false},"author":9,"featured_media":0,"parent":0,"menu_order":0,"comment_status":"closed","ping_status":"closed","template":"","meta":{"footnotes":""},"class_list":["post-3544","page","type-page","status-publish","hentry"],"yoast_head":"<!-- This site is optimized with the Yoast SEO plugin v27.4 - https:\/\/yoast.com\/product\/yoast-seo-wordpress\/ -->\n<title>Solutions &#8226; SACA Elektronik<\/title>\n<meta name=\"robots\" content=\"index, follow, max-snippet:-1, max-image-preview:large, max-video-preview:-1\" \/>\n<link rel=\"canonical\" href=\"https:\/\/www.saca.com.tr\/cozumler\/\" \/>\n<meta property=\"og:locale\" content=\"en_US\" \/>\n<meta property=\"og:type\" content=\"article\" \/>\n<meta property=\"og:title\" content=\"Solutions &#8226; SACA Elektronik\" \/>\n<meta property=\"og:url\" content=\"https:\/\/www.saca.com.tr\/cozumler\/\" \/>\n<meta property=\"og:site_name\" content=\"SACA Elektronik\" \/>\n<meta property=\"og:image\" content=\"https:\/\/www.saca.com.tr\/wp-content\/uploads\/2023\/08\/saca-elektronik-logo-1200x675px.jpg\" \/>\n\t<meta property=\"og:image:width\" content=\"1200\" \/>\n\t<meta property=\"og:image:height\" content=\"675\" \/>\n\t<meta property=\"og:image:type\" content=\"image\/jpeg\" \/>\n<meta name=\"twitter:card\" content=\"summary_large_image\" \/>\n<script type=\"application\/ld+json\" class=\"yoast-schema-graph\">{\"@context\":\"https:\\\/\\\/schema.org\",\"@graph\":[{\"@type\":\"WebPage\",\"@id\":\"https:\\\/\\\/www.saca.com.tr\\\/cozumler\\\/\",\"url\":\"https:\\\/\\\/www.saca.com.tr\\\/cozumler\\\/\",\"name\":\"Solutions &#8226; SACA Elektronik\",\"isPartOf\":{\"@id\":\"https:\\\/\\\/www.saca.com.tr\\\/#website\"},\"datePublished\":\"2024-02-08T12:32:20+00:00\",\"breadcrumb\":{\"@id\":\"https:\\\/\\\/www.saca.com.tr\\\/cozumler\\\/#breadcrumb\"},\"inLanguage\":\"en-US\",\"potentialAction\":[{\"@type\":\"ReadAction\",\"target\":[\"https:\\\/\\\/www.saca.com.tr\\\/cozumler\\\/\"]}]},{\"@type\":\"BreadcrumbList\",\"@id\":\"https:\\\/\\\/www.saca.com.tr\\\/cozumler\\\/#breadcrumb\",\"itemListElement\":[{\"@type\":\"ListItem\",\"position\":1,\"name\":\"Ana sayfa\",\"item\":\"https:\\\/\\\/www.saca.com.tr\\\/\"},{\"@type\":\"ListItem\",\"position\":2,\"name\":\"Solutions\"}]},{\"@type\":\"WebSite\",\"@id\":\"https:\\\/\\\/www.saca.com.tr\\\/#website\",\"url\":\"https:\\\/\\\/www.saca.com.tr\\\/\",\"name\":\"SACA Elektronik\",\"description\":\"kablo ve konnekt\u00f6r \u00e7\u00f6z\u00fcmleri\",\"publisher\":{\"@id\":\"https:\\\/\\\/www.saca.com.tr\\\/#organization\"},\"potentialAction\":[{\"@type\":\"SearchAction\",\"target\":{\"@type\":\"EntryPoint\",\"urlTemplate\":\"https:\\\/\\\/www.saca.com.tr\\\/?s={search_term_string}\"},\"query-input\":{\"@type\":\"PropertyValueSpecification\",\"valueRequired\":true,\"valueName\":\"search_term_string\"}}],\"inLanguage\":\"en-US\"},{\"@type\":\"Organization\",\"@id\":\"https:\\\/\\\/www.saca.com.tr\\\/#organization\",\"name\":\"SACA Elektronik\",\"alternateName\":\"SACA\",\"url\":\"https:\\\/\\\/www.saca.com.tr\\\/\",\"logo\":{\"@type\":\"ImageObject\",\"inLanguage\":\"en-US\",\"@id\":\"https:\\\/\\\/www.saca.com.tr\\\/#\\\/schema\\\/logo\\\/image\\\/\",\"url\":\"https:\\\/\\\/www.saca.com.tr\\\/wp-content\\\/uploads\\\/2023\\\/08\\\/saca-elektronik-logo-696x696px.jpg\",\"contentUrl\":\"https:\\\/\\\/www.saca.com.tr\\\/wp-content\\\/uploads\\\/2023\\\/08\\\/saca-elektronik-logo-696x696px.jpg\",\"width\":696,\"height\":696,\"caption\":\"SACA Elektronik\"},\"image\":{\"@id\":\"https:\\\/\\\/www.saca.com.tr\\\/#\\\/schema\\\/logo\\\/image\\\/\"},\"sameAs\":[\"https:\\\/\\\/www.linkedin.com\\\/company\\\/saca-electronics\"]}]}<\/script>\n<!-- \/ Yoast SEO plugin. -->","yoast_head_json":{"title":"Solutions &#8226; SACA Elektronik","robots":{"index":"index","follow":"follow","max-snippet":"max-snippet:-1","max-image-preview":"max-image-preview:large","max-video-preview":"max-video-preview:-1"},"canonical":"https:\/\/www.saca.com.tr\/cozumler\/","og_locale":"en_US","og_type":"article","og_title":"Solutions &#8226; SACA Elektronik","og_url":"https:\/\/www.saca.com.tr\/cozumler\/","og_site_name":"SACA Elektronik","og_image":[{"width":1200,"height":675,"url":"https:\/\/www.saca.com.tr\/wp-content\/uploads\/2023\/08\/saca-elektronik-logo-1200x675px.jpg","type":"image\/jpeg"}],"twitter_card":"summary_large_image","schema":{"@context":"https:\/\/schema.org","@graph":[{"@type":"WebPage","@id":"https:\/\/www.saca.com.tr\/cozumler\/","url":"https:\/\/www.saca.com.tr\/cozumler\/","name":"Solutions &#8226; SACA Elektronik","isPartOf":{"@id":"https:\/\/www.saca.com.tr\/#website"},"datePublished":"2024-02-08T12:32:20+00:00","breadcrumb":{"@id":"https:\/\/www.saca.com.tr\/cozumler\/#breadcrumb"},"inLanguage":"en-US","potentialAction":[{"@type":"ReadAction","target":["https:\/\/www.saca.com.tr\/cozumler\/"]}]},{"@type":"BreadcrumbList","@id":"https:\/\/www.saca.com.tr\/cozumler\/#breadcrumb","itemListElement":[{"@type":"ListItem","position":1,"name":"Ana sayfa","item":"https:\/\/www.saca.com.tr\/"},{"@type":"ListItem","position":2,"name":"Solutions"}]},{"@type":"WebSite","@id":"https:\/\/www.saca.com.tr\/#website","url":"https:\/\/www.saca.com.tr\/","name":"SACA Elektronik","description":"kablo ve konnekt\u00f6r \u00e7\u00f6z\u00fcmleri","publisher":{"@id":"https:\/\/www.saca.com.tr\/#organization"},"potentialAction":[{"@type":"SearchAction","target":{"@type":"EntryPoint","urlTemplate":"https:\/\/www.saca.com.tr\/?s={search_term_string}"},"query-input":{"@type":"PropertyValueSpecification","valueRequired":true,"valueName":"search_term_string"}}],"inLanguage":"en-US"},{"@type":"Organization","@id":"https:\/\/www.saca.com.tr\/#organization","name":"SACA Elektronik","alternateName":"SACA","url":"https:\/\/www.saca.com.tr\/","logo":{"@type":"ImageObject","inLanguage":"en-US","@id":"https:\/\/www.saca.com.tr\/#\/schema\/logo\/image\/","url":"https:\/\/www.saca.com.tr\/wp-content\/uploads\/2023\/08\/saca-elektronik-logo-696x696px.jpg","contentUrl":"https:\/\/www.saca.com.tr\/wp-content\/uploads\/2023\/08\/saca-elektronik-logo-696x696px.jpg","width":696,"height":696,"caption":"SACA Elektronik"},"image":{"@id":"https:\/\/www.saca.com.tr\/#\/schema\/logo\/image\/"},"sameAs":["https:\/\/www.linkedin.com\/company\/saca-electronics"]}]}},"_links":{"self":[{"href":"https:\/\/www.saca.com.tr\/en\/wp-json\/wp\/v2\/pages\/3544","targetHints":{"allow":["GET"]}}],"collection":[{"href":"https:\/\/www.saca.com.tr\/en\/wp-json\/wp\/v2\/pages"}],"about":[{"href":"https:\/\/www.saca.com.tr\/en\/wp-json\/wp\/v2\/types\/page"}],"author":[{"embeddable":true,"href":"https:\/\/www.saca.com.tr\/en\/wp-json\/wp\/v2\/users\/9"}],"replies":[{"embeddable":true,"href":"https:\/\/www.saca.com.tr\/en\/wp-json\/wp\/v2\/comments?post=3544"}],"version-history":[{"count":0,"href":"https:\/\/www.saca.com.tr\/en\/wp-json\/wp\/v2\/pages\/3544\/revisions"}],"wp:attachment":[{"href":"https:\/\/www.saca.com.tr\/en\/wp-json\/wp\/v2\/media?parent=3544"}],"curies":[{"name":"wp","href":"https:\/\/api.w.org\/{rel}","templated":true}]}}